{"id":23,"date":"2026-02-05T17:29:29","date_gmt":"2026-02-05T17:29:29","guid":{"rendered":"https:\/\/airevitalis.es\/contact\/"},"modified":"2026-02-05T21:22:33","modified_gmt":"2026-02-05T21:22:33","slug":"politicas-de-privacidad","status":"publish","type":"page","link":"https:\/\/airevitalis.es\/it\/politicas-de-privacidad\/","title":{"rendered":"Informativa sulla privacy"},"content":{"rendered":"<div data-elementor-type=\"wp-page\" data-elementor-id=\"23\" class=\"elementor elementor-23\">\n\t\t\t\t<div class=\"elementor-element elementor-element-09a8415 e-flex e-con-boxed e-con e-parent\" data-id=\"09a8415\" data-element_type=\"container\" data-e-type=\"container\" data-settings=\"{&quot;background_background&quot;:&quot;classic&quot;}\">\n\t\t\t\t\t<div class=\"e-con-inner\">\n\t\t\t\t<div class=\"elementor-element elementor-element-7892f7d elementor-invisible elementor-widget elementor-widget-heading\" data-id=\"7892f7d\" data-element_type=\"widget\" data-e-type=\"widget\" data-settings=\"{&quot;_animation&quot;:&quot;fadeInRight&quot;}\" data-widget_type=\"heading.default\">\n\t\t\t\t<div class=\"elementor-widget-container\">\n\t\t\t\t\t<h1 class=\"elementor-heading-title elementor-size-default\">Informativa sulla privacy<\/h1>\t\t\t\t<\/div>\n\t\t\t\t<\/div>\n\t\t\t\t<div class=\"elementor-element elementor-element-2904946 elementor-invisible elementor-widget elementor-widget-text-editor\" data-id=\"2904946\" data-element_type=\"widget\" data-e-type=\"widget\" data-settings=\"{&quot;_animation&quot;:&quot;fadeIn&quot;}\" data-widget_type=\"text-editor.default\">\n\t\t\t\t<div class=\"elementor-widget-container\">\n\t\t\t\t\t\t\t\t\t<p>Noi di AIREVITALIS diamo valore e proteggiamo la tua privacy.<\/p>\t\t\t\t\t\t\t\t<\/div>\n\t\t\t\t<\/div>\n\t\t\t\t\t<\/div>\n\t\t\t\t<\/div>\n\t\t<div class=\"elementor-element elementor-element-27ab68f e-flex e-con-boxed e-con e-parent\" data-id=\"27ab68f\" data-element_type=\"container\" data-e-type=\"container\">\n\t\t\t\t\t<div class=\"e-con-inner\">\n\t\t\t\t<div class=\"elementor-element elementor-element-4e14def elementor-invisible elementor-widget elementor-widget-text-editor\" data-id=\"4e14def\" data-element_type=\"widget\" data-e-type=\"widget\" data-settings=\"{&quot;_animation&quot;:&quot;fadeIn&quot;}\" data-widget_type=\"text-editor.default\">\n\t\t\t\t<div class=\"elementor-widget-container\">\n\t\t\t\t\t\t\t\t\t<p data-start=\"238\" data-end=\"425\">Questa politica descrive come raccogliamo, utilizziamo e proteggiamo le tue informazioni personali quando utilizzi il nostro sito web airevitalis.es.<\/p><h2 data-start=\"432\" data-end=\"466\"><strong data-start=\"435\" data-end=\"466\">Raccolta di informazioni<\/strong><\/h2><p data-start=\"468\" data-end=\"951\">Raccogliamo le informazioni personali che fornisci quando compili moduli di contatto, ti iscrivi alle newsletter o interagisci con il nostro sito web. Queste includono nome, indirizzo email, numero di telefono e qualsiasi messaggio inviato tramite i nostri moduli. Potremmo anche raccogliere automaticamente informazioni sul tuo utilizzo del sito web, come indirizzo IP, browser e pagine visitate, per migliorare i nostri servizi e l&#039;esperienza utente.<\/p><h2 data-start=\"958\" data-end=\"986\"><strong data-start=\"961\" data-end=\"986\">Utilizzo delle informazioni<\/strong><\/h2><p data-start=\"988\" data-end=\"1405\">Le informazioni che raccogliamo vengono utilizzate esclusivamente per scopi specifici, come rispondere alle vostre richieste, inviarvi informazioni sui nostri prodotti e servizi, elaborare ordini o migliorare la funzionalit\u00e0 del sito web. Non condividiamo, vendiamo o affittiamo le vostre informazioni personali a terze parti senza il vostro esplicito consenso, salvo quando richiesto per ottemperare a obblighi di legge o tutelare i nostri diritti.<\/p><h2 data-start=\"1412\" data-end=\"1438\"><strong data-start=\"1415\" data-end=\"1438\">Protezione dei dati<\/strong><\/h2><p data-start=\"1440\" data-end=\"1715\">Implementiamo misure di sicurezza tecniche e organizzative per proteggere i tuoi dati personali da perdita, accesso non autorizzato, divulgazione o alterazione. Solo il personale autorizzato ha accesso ai tuoi dati e si impegna a trattarli in modo confidenziale e sicuro.<\/p><h2 data-start=\"1722\" data-end=\"1760\"><strong data-start=\"1725\" data-end=\"1760\">Cookie e tecnologie simili<\/strong><\/h2><p data-start=\"1762\" data-end=\"2057\">Il nostro sito web potrebbe utilizzare cookie e altre tecnologie simili per migliorare l&#039;esperienza utente, analizzare il traffico e personalizzare i contenuti. Questi strumenti ci consentono di ricordare le tue preferenze e ottimizzare le prestazioni del sito senza compromettere la tua privacy personale.<\/p><h2 data-start=\"2064\" data-end=\"2091\"><strong data-start=\"2067\" data-end=\"2091\">Diritti dell&#039;utente<\/strong><\/h2><p data-start=\"2093\" data-end=\"2426\">Hai il diritto di accedere, rettificare o cancellare i tuoi dati personali in qualsiasi momento. Puoi anche richiedere la limitazione del trattamento dei tuoi dati o opporti al loro utilizzo per finalit\u00e0 di marketing. Per esercitare tali diritti, puoi contattarci direttamente via e-mail. <a class=\"decorated-link cursor-pointer\" rel=\"noopener\" data-start=\"2397\" data-end=\"2425\">zonadeporteoutdoor@gmail.com<\/a>.<\/p><h2 data-start=\"2433\" data-end=\"2476\"><strong data-start=\"2436\" data-end=\"2476\">Modifiche all&#039;Informativa sulla privacy<\/strong><\/h2><p data-start=\"2478\" data-end=\"2735\">AIREVITALIS si riserva il diritto di aggiornare la presente informativa sulla privacy in qualsiasi momento. Ti consigliamo di consultare periodicamente questa pagina per rimanere informato su come proteggiamo le tue informazioni e per garantire il rispetto delle leggi applicabili.<\/p>\t\t\t\t\t\t\t\t<\/div>\n\t\t\t\t<\/div>\n\t\t\t\t\t<\/div>\n\t\t\t\t<\/div>\n\t\t\t\t<\/div>","protected":false},"excerpt":{"rendered":"<p>Pol\u00edticas De Privacidad En AIREVITALIS valoramos y protegemos tu privacidad. Esta pol\u00edtica describe c\u00f3mo recopilamos, usamos y protegemos tu informaci\u00f3n [&hellip;]<\/p>","protected":false},"author":1,"featured_media":0,"parent":0,"menu_order":0,"comment_status":"closed","ping_status":"closed","template":"","meta":{"site-sidebar-layout":"no-sidebar","site-content-layout":"","ast-site-content-layout":"full-width-container","site-content-style":"unboxed","site-sidebar-style":"unboxed","ast-global-header-display":"","ast-banner-title-visibility":"","ast-main-header-display":"","ast-hfb-above-header-display":"","ast-hfb-below-header-display":"","ast-hfb-mobile-header-display":"","site-post-title":"disabled","ast-breadcrumbs-content":"","ast-featured-img":"disabled","footer-sml-layout":"","ast-disable-related-posts":"","theme-transparent-header-meta":"disabled","adv-header-id-meta":"","stick-header-meta":"","header-above-stick-meta":"","header-main-stick-meta":"","header-below-stick-meta":"","astra-migrate-meta-layouts":"default","ast-page-background-enabled":"default","ast-page-background-meta":{"desktop":{"background-color":"var(--ast-global-color-4)","background-image":"","background-repeat":"repeat","background-position":"center center","background-size":"auto","background-attachment":"scroll","background-type":"","background-media":"","overlay-type":"","overlay-color":"","overlay-opacity":"","overlay-gradient":""},"tablet":{"background-color":"","background-image":"","background-repeat":"repeat","background-position":"center center","background-size":"auto","background-attachment":"scroll","background-type":"","background-media":"","overlay-type":"","overlay-color":"","overlay-opacity":"","overlay-gradient":""},"mobile":{"background-color":"","background-image":"","background-repeat":"repeat","background-position":"center center","background-size":"auto","background-attachment":"scroll","background-type":"","background-media":"","overlay-type":"","overlay-color":"","overlay-opacity":"","overlay-gradient":""}},"ast-content-background-meta":{"desktop":{"background-color":"var(--ast-global-color-5)","background-image":"","background-repeat":"repeat","background-position":"center center","background-size":"auto","background-attachment":"scroll","background-type":"","background-media":"","overlay-type":"","overlay-color":"","overlay-opacity":"","overlay-gradient":""},"tablet":{"background-color":"var(--ast-global-color-5)","background-image":"","background-repeat":"repeat","background-position":"center center","background-size":"auto","background-attachment":"scroll","background-type":"","background-media":"","overlay-type":"","overlay-color":"","overlay-opacity":"","overlay-gradient":""},"mobile":{"background-color":"var(--ast-global-color-5)","background-image":"","background-repeat":"repeat","background-position":"center center","background-size":"auto","background-attachment":"scroll","background-type":"","background-media":"","overlay-type":"","overlay-color":"","overlay-opacity":"","overlay-gradient":""}},"_joinchat":[],"footnotes":""},"class_list":["post-23","page","type-page","status-publish","hentry"],"_links":{"self":[{"href":"https:\/\/airevitalis.es\/it\/wp-json\/wp\/v2\/pages\/23","targetHints":{"allow":["GET"]}}],"collection":[{"href":"https:\/\/airevitalis.es\/it\/wp-json\/wp\/v2\/pages"}],"about":[{"href":"https:\/\/airevitalis.es\/it\/wp-json\/wp\/v2\/types\/page"}],"author":[{"embeddable":true,"href":"https:\/\/airevitalis.es\/it\/wp-json\/wp\/v2\/users\/1"}],"replies":[{"embeddable":true,"href":"https:\/\/airevitalis.es\/it\/wp-json\/wp\/v2\/comments?post=23"}],"version-history":[{"count":23,"href":"https:\/\/airevitalis.es\/it\/wp-json\/wp\/v2\/pages\/23\/revisions"}],"predecessor-version":[{"id":1390,"href":"https:\/\/airevitalis.es\/it\/wp-json\/wp\/v2\/pages\/23\/revisions\/1390"}],"wp:attachment":[{"href":"https:\/\/airevitalis.es\/it\/wp-json\/wp\/v2\/media?parent=23"}],"curies":[{"name":"wp","href":"https:\/\/api.w.org\/{rel}","templated":true}]}}