{"id":23,"date":"2026-02-05T17:29:29","date_gmt":"2026-02-05T17:29:29","guid":{"rendered":"https:\/\/airevitalis.es\/contact\/"},"modified":"2026-02-05T21:22:33","modified_gmt":"2026-02-05T21:22:33","slug":"politicas-de-privacidad","status":"publish","type":"page","link":"https:\/\/airevitalis.es\/eu\/politicas-de-privacidad\/","title":{"rendered":"Pribatutasun Politikak"},"content":{"rendered":"<div data-elementor-type=\"wp-page\" data-elementor-id=\"23\" class=\"elementor elementor-23\">\n\t\t\t\t<div class=\"elementor-element elementor-element-09a8415 e-flex e-con-boxed e-con e-parent\" data-id=\"09a8415\" data-element_type=\"container\" data-e-type=\"container\" data-settings=\"{&quot;background_background&quot;:&quot;classic&quot;}\">\n\t\t\t\t\t<div class=\"e-con-inner\">\n\t\t\t\t<div class=\"elementor-element elementor-element-7892f7d elementor-invisible elementor-widget elementor-widget-heading\" data-id=\"7892f7d\" data-element_type=\"widget\" data-e-type=\"widget\" data-settings=\"{&quot;_animation&quot;:&quot;fadeInRight&quot;}\" data-widget_type=\"heading.default\">\n\t\t\t\t<div class=\"elementor-widget-container\">\n\t\t\t\t\t<h1 class=\"elementor-heading-title elementor-size-default\">Pribatutasun Politikak<\/h1>\t\t\t\t<\/div>\n\t\t\t\t<\/div>\n\t\t\t\t<div class=\"elementor-element elementor-element-2904946 elementor-invisible elementor-widget elementor-widget-text-editor\" data-id=\"2904946\" data-element_type=\"widget\" data-e-type=\"widget\" data-settings=\"{&quot;_animation&quot;:&quot;fadeIn&quot;}\" data-widget_type=\"text-editor.default\">\n\t\t\t\t<div class=\"elementor-widget-container\">\n\t\t\t\t\t\t\t\t\t<p>AIREVITALISen zure pribatutasuna baloratzen eta babesten dugu.<\/p>\t\t\t\t\t\t\t\t<\/div>\n\t\t\t\t<\/div>\n\t\t\t\t\t<\/div>\n\t\t\t\t<\/div>\n\t\t<div class=\"elementor-element elementor-element-27ab68f e-flex e-con-boxed e-con e-parent\" data-id=\"27ab68f\" data-element_type=\"container\" data-e-type=\"container\">\n\t\t\t\t\t<div class=\"e-con-inner\">\n\t\t\t\t<div class=\"elementor-element elementor-element-4e14def elementor-invisible elementor-widget elementor-widget-text-editor\" data-id=\"4e14def\" data-element_type=\"widget\" data-e-type=\"widget\" data-settings=\"{&quot;_animation&quot;:&quot;fadeIn&quot;}\" data-widget_type=\"text-editor.default\">\n\t\t\t\t<div class=\"elementor-widget-container\">\n\t\t\t\t\t\t\t\t\t<p data-start=\"238\" data-end=\"425\">Politika honek airevitalis.es webgunea erabiltzen duzunean zure informazio pertsonala nola biltzen, erabiltzen eta babesten dugun deskribatzen du.<\/p><h2 data-start=\"432\" data-end=\"466\"><strong data-start=\"435\" data-end=\"466\">Informazio bilketa<\/strong><\/h2><p data-start=\"468\" data-end=\"951\">Kontaktu-inprimakiak betetzen dituzunean, buletinetara harpidetzen zarenean edo gure webgunearekin elkarreragiten duzunean ematen diguzun informazio pertsonala biltzen dugu. Honen barruan sartzen dira zure izena, helbide elektronikoa, telefono-zenbakia eta gure inprimakien bidez bidalitako mezuak. Baliteke automatikoki zure webgunearen erabilerari buruzko informazioa ere biltzea, hala nola IP helbidea, arakatzailea eta bisitatutako orrialdeak, gure zerbitzuak eta erabiltzaile-esperientzia hobetzeko.<\/p><h2 data-start=\"958\" data-end=\"986\"><strong data-start=\"961\" data-end=\"986\">Informazioaren erabilera<\/strong><\/h2><p data-start=\"988\" data-end=\"1405\">Biltzen dugun informazioa helburu zehatzetarako soilik erabiltzen da, hala nola zure kontsultei erantzuteko, gure produktu eta zerbitzuei buruzko informazioa bidaltzeko, eskaerak prozesatzeko edo webgunearen funtzionaltasuna hobetzeko. Ez dugu zure informazio pertsonala hirugarrenei partekatzen, saltzen edo alokatzen zure baimen espliziturik gabe, legezko betebeharrak betetzeko edo gure eskubideak babesteko beharrezkoa denean izan ezik.<\/p><h2 data-start=\"1412\" data-end=\"1438\"><strong data-start=\"1415\" data-end=\"1438\">Datuen Babesa<\/strong><\/h2><p data-start=\"1440\" data-end=\"1715\">Zure informazio pertsonala galtzearen, baimenik gabeko sarbidearen, dibulgazioaren edo aldaketaren aurka babesteko segurtasun neurri teknikoak eta antolakuntzazkoak ezartzen ditugu. Baimendutako langileek bakarrik dute zure datuetarako sarbidea, eta konfidentzialtasunez eta segurtasunez tratatzeko konpromisoa hartzen dute.<\/p><h2 data-start=\"1722\" data-end=\"1760\"><strong data-start=\"1725\" data-end=\"1760\">Cookieak eta antzeko teknologiak<\/strong><\/h2><p data-start=\"1762\" data-end=\"2057\">Gure webguneak cookieak eta antzeko beste teknologia batzuk erabil ditzake erabiltzailearen esperientzia hobetzeko, trafikoa aztertzeko eta edukia pertsonalizatzeko. Tresna hauek zure lehentasunak gogoratzeko eta gunearen errendimendua optimizatzeko aukera ematen digute zure pribatutasun pertsonala arriskuan jarri gabe.<\/p><h2 data-start=\"2064\" data-end=\"2091\"><strong data-start=\"2067\" data-end=\"2091\">Erabiltzailearen eskubideak<\/strong><\/h2><p data-start=\"2093\" data-end=\"2426\">Edozein unetan duzu zure datu pertsonalak eskuratzeko, zuzentzeko edo ezabatzeko eskubidea. Zure datuen tratamendua mugatzea ere eska dezakezu edo marketin-helburuetarako erabiltzearen aurka egin. Eskubide horiek erabiltzeko, zuzenean gurekin harremanetan jar zaitezke posta elektronikoz. <a class=\"decorated-link cursor-pointer\" rel=\"noopener\" data-start=\"2397\" data-end=\"2425\">zonadeporteoutdoor@gmail.com<\/a>.<\/p><h2 data-start=\"2433\" data-end=\"2476\"><strong data-start=\"2436\" data-end=\"2476\">Pribatutasun Politikaren aldaketak<\/strong><\/h2><p data-start=\"2478\" data-end=\"2735\">AIREVITALISek pribatutasun-politika hau edozein unetan eguneratzeko eskubidea gordetzen du. Gomendatzen dizugu orrialde hau aldian-aldian berrikustea zure informazioa nola babesten dugun eta aplikagarri diren legeak betetzen ditugula ziurtatzeko.<\/p>\t\t\t\t\t\t\t\t<\/div>\n\t\t\t\t<\/div>\n\t\t\t\t\t<\/div>\n\t\t\t\t<\/div>\n\t\t\t\t<\/div>","protected":false},"excerpt":{"rendered":"<p>Pol\u00edticas De Privacidad En AIREVITALIS valoramos y protegemos tu privacidad. Esta pol\u00edtica describe c\u00f3mo recopilamos, usamos y protegemos tu informaci\u00f3n [&hellip;]<\/p>","protected":false},"author":1,"featured_media":0,"parent":0,"menu_order":0,"comment_status":"closed","ping_status":"closed","template":"","meta":{"site-sidebar-layout":"no-sidebar","site-content-layout":"","ast-site-content-layout":"full-width-container","site-content-style":"unboxed","site-sidebar-style":"unboxed","ast-global-header-display":"","ast-banner-title-visibility":"","ast-main-header-display":"","ast-hfb-above-header-display":"","ast-hfb-below-header-display":"","ast-hfb-mobile-header-display":"","site-post-title":"disabled","ast-breadcrumbs-content":"","ast-featured-img":"disabled","footer-sml-layout":"","ast-disable-related-posts":"","theme-transparent-header-meta":"disabled","adv-header-id-meta":"","stick-header-meta":"","header-above-stick-meta":"","header-main-stick-meta":"","header-below-stick-meta":"","astra-migrate-meta-layouts":"default","ast-page-background-enabled":"default","ast-page-background-meta":{"desktop":{"background-color":"var(--ast-global-color-4)","background-image":"","background-repeat":"repeat","background-position":"center center","background-size":"auto","background-attachment":"scroll","background-type":"","background-media":"","overlay-type":"","overlay-color":"","overlay-opacity":"","overlay-gradient":""},"tablet":{"background-color":"","background-image":"","background-repeat":"repeat","background-position":"center center","background-size":"auto","background-attachment":"scroll","background-type":"","background-media":"","overlay-type":"","overlay-color":"","overlay-opacity":"","overlay-gradient":""},"mobile":{"background-color":"","background-image":"","background-repeat":"repeat","background-position":"center center","background-size":"auto","background-attachment":"scroll","background-type":"","background-media":"","overlay-type":"","overlay-color":"","overlay-opacity":"","overlay-gradient":""}},"ast-content-background-meta":{"desktop":{"background-color":"var(--ast-global-color-5)","background-image":"","background-repeat":"repeat","background-position":"center center","background-size":"auto","background-attachment":"scroll","background-type":"","background-media":"","overlay-type":"","overlay-color":"","overlay-opacity":"","overlay-gradient":""},"tablet":{"background-color":"var(--ast-global-color-5)","background-image":"","background-repeat":"repeat","background-position":"center center","background-size":"auto","background-attachment":"scroll","background-type":"","background-media":"","overlay-type":"","overlay-color":"","overlay-opacity":"","overlay-gradient":""},"mobile":{"background-color":"var(--ast-global-color-5)","background-image":"","background-repeat":"repeat","background-position":"center center","background-size":"auto","background-attachment":"scroll","background-type":"","background-media":"","overlay-type":"","overlay-color":"","overlay-opacity":"","overlay-gradient":""}},"_joinchat":[],"footnotes":""},"class_list":["post-23","page","type-page","status-publish","hentry"],"_links":{"self":[{"href":"https:\/\/airevitalis.es\/eu\/wp-json\/wp\/v2\/pages\/23","targetHints":{"allow":["GET"]}}],"collection":[{"href":"https:\/\/airevitalis.es\/eu\/wp-json\/wp\/v2\/pages"}],"about":[{"href":"https:\/\/airevitalis.es\/eu\/wp-json\/wp\/v2\/types\/page"}],"author":[{"embeddable":true,"href":"https:\/\/airevitalis.es\/eu\/wp-json\/wp\/v2\/users\/1"}],"replies":[{"embeddable":true,"href":"https:\/\/airevitalis.es\/eu\/wp-json\/wp\/v2\/comments?post=23"}],"version-history":[{"count":23,"href":"https:\/\/airevitalis.es\/eu\/wp-json\/wp\/v2\/pages\/23\/revisions"}],"predecessor-version":[{"id":1390,"href":"https:\/\/airevitalis.es\/eu\/wp-json\/wp\/v2\/pages\/23\/revisions\/1390"}],"wp:attachment":[{"href":"https:\/\/airevitalis.es\/eu\/wp-json\/wp\/v2\/media?parent=23"}],"curies":[{"name":"wp","href":"https:\/\/api.w.org\/{rel}","templated":true}]}}